{"id":224961,"date":"2024-07-17T12:22:55","date_gmt":"2024-07-17T12:22:55","guid":{"rendered":"https:\/\/anaberenguer.com\/contacto\/"},"modified":"2026-02-25T09:22:40","modified_gmt":"2026-02-25T09:22:40","slug":"contacto","status":"publish","type":"page","link":"https:\/\/anaberenguer.com\/es\/contacto\/","title":{"rendered":"Contacto"},"content":{"rendered":"<p>[et_pb_section fb_built=\u00bb1&#8243; admin_label=\u00bbHero\u00bb _builder_version=\u00bb4.27.4&#8243; _module_preset=\u00bb_module_preset=\u00bb background_enable_color=\u00bboff\u00bb use_background_color_gradient=\u00bbon\u00bb background_color_gradient_type=\u00bbcircular\u00bb background_color_gradient_stops=\u00bbrgba(0,0,0,0.2) 0%|rgba(0,0,0,0) 62%\u00bb background_color_gradient_overlays_image=\u00bbon\u00bb background_image=\u00bbhttps:\/\/anaberenguer.com\/wp-content\/uploads\/2024\/08\/PODI-PICTURES-19-scaled.jpg\u00bb background_position=\u00bbtop_center\u00bb background_vertical_offset=\u00bb55%\u00bb max_height=\u00bb800px\u00bb custom_padding=\u00bb8vw||10vw||false|false\u00bb bottom_divider_height=\u00bb3vw\u00bb bottom_divider_repeat=\u00bb1x\u00bb bottom_divider_flip=\u00bbhorizontal\u00bb background_last_edited=\u00bbon|desktop\u00bb use_background_color_gradient_tablet=\u00bbon\u00bb use_background_color_gradient_phone=\u00bbon\u00bb background_color_gradient_direction_phone=\u00bb180deg\u00bb background_color_gradient_stops_tablet=\u00bbrgba(0,0,0,0.1) 1%|rgba(0,0,0,0) 62%\u00bb background_color_gradient_stops_phone=\u00bbrgba(0,0,0,0) 62%|rgba(0,0,0,0.55) 100%\u00bb background_color_gradient_overlays_image_tablet=\u00bbon\u00bb background_size_tablet=\u00bbcover\u00bb background_image_width_tablet=\u00bb100%\u00bb background_position_tablet=\u00bbtop_left\u00bb background_position_phone=\u00bbtop_left\u00bb background_horizontal_offset_tablet=\u00bb27%\u00bb background_horizontal_offset_phone=\u00bb7%\u00bb background_vertical_offset_tablet=\u00bb10%\u00bb box_shadow_style=\u00bbpreset1&#8243; box_shadow_color=\u00bbRGBA(194,163,115,0.8)\u00bb locked=\u00bboff\u00bb collapsed=\u00bbon\u00bb global_colors_info=\u00bb{%22gcid-secondary-color%22:%91%22background_mask_color%22%93}\u00bb][et_pb_row disabled_on=\u00bboff|off|off\u00bb _builder_version=\u00bb4.27.4&#8243; _module_preset=\u00bb5138c454-be54-4233-bd3b-f8e6a8747976&#8243; width=\u00bb90%\u00bb max_width=\u00bb2560px\u00bb custom_margin_tablet=\u00bb|auto|||false|false\u00bb custom_margin_phone=\u00bb6px|||28px|false|false\u00bb custom_margin_last_edited=\u00bbon|tablet\u00bb locked=\u00bboff\u00bb global_colors_info=\u00bb{}\u00bb custom_margin__hover_enabled=\u00bboff|desktop\u00bb][et_pb_column type=\u00bb4_4&#8243; disabled_on=\u00bboff|off|off\u00bb _builder_version=\u00bb4.27.4&#8243; _module_preset=\u00bb73121f80-a3ef-4484-8763-c3f18e3c56d2&#8243; global_colors_info=\u00bb{}\u00bb][et_pb_heading title=\u00bbConecta conmigo y comienza tu transformaci\u00f3n\u00bb _builder_version=\u00bb4.27.4&#8243; _module_preset=\u00bbc33f07d9-41e0-421a-8799-5799df695cce\u00bb title_text_color=\u00bb#F9F8F3&#8243; title_font_size=\u00bb60pt\u00bb title_line_height=\u00bb1em\u00bb width=\u00bb80%\u00bb width_tablet=\u00bb80%\u00bb width_phone=\u00bb80%\u00bb width_last_edited=\u00bbon|tablet\u00bb max_width=\u00bb100%\u00bb module_alignment=\u00bbcenter\u00bb custom_margin=\u00bb-6px||10px||false|false\u00bb custom_margin_tablet=\u00bb-13px||||false|false\u00bb custom_margin_phone=\u00bb-20px||35px|0px|false|false\u00bb custom_margin_last_edited=\u00bbon|tablet\u00bb title_font_size_tablet=\u00bb40pt\u00bb title_font_size_phone=\u00bb40pt\u00bb title_font_size_last_edited=\u00bbon|phone\u00bb title_text_shadow_style=\u00bbpreset3&#8243; text_shadow_style=\u00bbpreset1&#8243; locked=\u00bboff\u00bb global_colors_info=\u00bb{}\u00bb][\/et_pb_heading][et_pb_text _builder_version=\u00bb4.27.4&#8243; _module_preset=\u00bb0504de1e-f5ff-4281-ba60-cbbe4edf98bc\u00bb text_font_size=\u00bb20pt\u00bb header_text_color=\u00bb#F9F8F3&#8243; text_orientation=\u00bbcenter\u00bb custom_margin=\u00bb||38px||false|false\u00bb custom_margin_tablet=\u00bb||||false|false\u00bb custom_margin_phone=\u00bb-34px|||0px|false|false\u00bb custom_margin_last_edited=\u00bbon|tablet\u00bb text_font_size_tablet=\u00bb16pt\u00bb text_font_size_phone=\u00bb16pt\u00bb text_text_shadow_style=\u00bbpreset3&#8243; locked=\u00bboff\u00bb]<\/p>\n<p>Ponte en contacto para programar una sesi\u00f3n o para preguntar sobre las terapias que ofrezco.<br \/>Comienza hoy mismo tu viaje a una vida con m\u00e1s prop\u00f3sito.<\/p>\n<p>[\/et_pb_text][dsm_button button_one_text=\u00bbReserva tu llamada inicial gratuita\u00bb button_one_url_type=\u00bbwhatsapp\u00bb button_one_whatsapp_number=\u00bb34649505228&#8243; button_one_whatsapp_msg=\u00bbHola, Ana, me gustar\u00eda reservar una llamada de descubrimiento gratuita contigo.\u00bb _builder_version=\u00bb4.27.4&#8243; _module_preset=\u00bbdefault\u00bb button_one_text_size=\u00bb16pt\u00bb button_one_text_color=\u00bb#F9F8F3&#8243; custom_padding=\u00bb||||false|false\u00bb box_shadow_vertical_button_one=\u00bb2px\u00bb locked=\u00bboff\u00bb global_colors_info=\u00bb{%22gcid-08c1bc7c-9659-4aac-9c1f-311d229de44c%22:%91%22button_two_bg_color_gradient_stops%22,%22button_two_bg_color_gradient_stops%22,%22button_two_bg_color_gradient_stops%22%93}\u00bb][\/dsm_button][\/et_pb_column][\/et_pb_row][\/et_pb_section][et_pb_section fb_built=\u00bb1&#8243; _builder_version=\u00bb4.27.4&#8243; _module_preset=\u00bbdefault\u00bb background_color=\u00bb#f9f8f3&#8243; custom_margin=\u00bb-30px||-3px||false|false\u00bb custom_padding=\u00bb0px||||false|false\u00bb global_colors_info=\u00bb{}\u00bb][et_pb_row column_structure=\u00bb1_2,1_2&#8243; _builder_version=\u00bb4.27.4&#8243; _module_preset=\u00bbc9cfaba2-2263-4f35-8227-8d16ca8bd1cc\u00bb background_enable_color=\u00bboff\u00bb width=\u00bb90%\u00bb module_alignment=\u00bbcenter\u00bb custom_margin=\u00bb80px|auto|26px|-1px|false|false\u00bb custom_margin_tablet=\u00bb17px|30px|7px|30px|false|true\u00bb custom_margin_phone=\u00bb17px|30px|7px|30px|false|true\u00bb custom_margin_last_edited=\u00bbon|tablet\u00bb custom_padding=\u00bb53px|60px|53px|60px|true|true\u00bb custom_padding_tablet=\u00bb30px|0px|30px|0px|true|true\u00bb border_radii=\u00bbon|20px|20px|20px|20px\u00bb border_color_all=\u00bbRGBA(8,94,165,0.6)\u00bb box_shadow_style=\u00bbnone\u00bb global_colors_info=\u00bb{}\u00bb][et_pb_column type=\u00bb1_2&#8243; _builder_version=\u00bb4.24.3&#8243; _module_preset=\u00bbdefault\u00bb global_colors_info=\u00bb{}\u00bb][et_pb_heading title=\u00bbAna Berenguer\u00bb _builder_version=\u00bb4.27.4&#8243; _module_preset=\u00bbddeb8c09-9078-4424-bc15-2efb6572e28e\u00bb title_font_size=\u00bb50pt\u00bb custom_margin=\u00bb129px||||false|false\u00bb custom_margin_tablet=\u00bb31px||||false|false\u00bb title_font_size_tablet=\u00bb40pt\u00bb title_font_size_phone=\u00bb40pt\u00bb global_colors_info=\u00bb{}\u00bb][\/et_pb_heading][et_pb_text _builder_version=\u00bb4.27.4&#8243; _module_preset=\u00bbdefault\u00bb text_font_size=\u00bb16pt\u00bb text_orientation=\u00bbjustified\u00bb width=\u00bb100%\u00bb module_alignment=\u00bbcenter\u00bb custom_margin_tablet=\u00bb||||false|true\u00bb custom_margin_phone=\u00bb||||false|true\u00bb custom_margin_last_edited=\u00bbon|tablet\u00bb custom_padding_tablet=\u00bb|20px||20px|false|true\u00bb custom_padding_phone=\u00bb|0px||0px|false|true\u00bb custom_padding_last_edited=\u00bbon|phone\u00bb text_font_size_tablet=\u00bb14pt\u00bb text_font_size_phone=\u00bb14pt\u00bb text_font_size_last_edited=\u00bboff|phone\u00bb global_colors_info=\u00bb{}\u00bb]<\/p>\n<p><span>Soy psic\u00f3loga con una amplia formaci\u00f3n en respiraci\u00f3n consciente y temblor corporal terap\u00e9utico. Mi pasi\u00f3n es ayudarte a liberar traumas y bloqueos emocionales, apoyando una sanaci\u00f3n y transformaci\u00f3n profundas. Al combinar la psicoterapia tradicional con terapias som\u00e1ticas hol\u00edsticas, abordo desaf\u00edos como la ansiedad, la depresi\u00f3n y el dolor psicosom\u00e1tico. Mi objetivo es guiarte hacia una vida m\u00e1s equilibrada, pac\u00edfica y plena. Si est\u00e1s listo para dar el siguiente paso en tu camino, estoy aqu\u00ed para ti.<\/span><\/p>\n<p>[\/et_pb_text][\/et_pb_column][et_pb_column type=\u00bb1_2&#8243; _builder_version=\u00bb4.24.3&#8243; _module_preset=\u00bbdefault\u00bb global_colors_info=\u00bb{}\u00bb][et_pb_image src=\u00bbhttps:\/\/anaberenguer.com\/wp-content\/uploads\/2025\/05\/DSC03266-compr-scaled.jpg\u00bb title_text=\u00bbDSC03266 compr\u00bb force_fullwidth=\u00bbon\u00bb _builder_version=\u00bb4.27.4&#8243; _module_preset=\u00bbdefault\u00bb module_alignment=\u00bbcenter\u00bb custom_margin=\u00bb36px|||||\u00bb border_radii=\u00bbon|20px|20px|20px|20px\u00bb box_shadow_style=\u00bbpreset1&#8243; box_shadow_color=\u00bbRGBA(194,163,115,0.8)\u00bb global_colors_info=\u00bb{}\u00bb][\/et_pb_image][\/et_pb_column][\/et_pb_row][\/et_pb_section][et_pb_section fb_built=\u00bb1&#8243; admin_label=\u00bbPerson Biography\u00bb _builder_version=\u00bb4.27.4&#8243; _module_preset=\u00bbdefault\u00bb use_background_color_gradient=\u00bbon\u00bb background_color_gradient_stops=\u00bbgcid-primary-color 2%|gcid-b20f782f-08af-47dc-bb2d-4b4cfaf822cd 100%\u00bb custom_padding=\u00bb||90px||false|false\u00bb box_shadow_style=\u00bbpreset1&#8243; box_shadow_color=\u00bbRGBA(8,94,165,0.6)\u00bb global_colors_info=\u00bb{%22gcid-primary-color%22:%91%22background_color_gradient_stops%22%93,%22gcid-b20f782f-08af-47dc-bb2d-4b4cfaf822cd%22:%91%22background_color_gradient_stops%22%93}\u00bb][et_pb_row _builder_version=\u00bb4.27.4&#8243; _module_preset=\u00bbdefault\u00bb custom_margin=\u00bb||||false|false\u00bb custom_margin_tablet=\u00bb||||false|false\u00bb custom_margin_phone=\u00bb-16px||||false|false\u00bb custom_margin_last_edited=\u00bbon|phone\u00bb custom_padding=\u00bb||||false|false\u00bb global_colors_info=\u00bb{}\u00bb][et_pb_column type=\u00bb4_4&#8243; _builder_version=\u00bb4.27.4&#8243; _module_preset=\u00bbdefault\u00bb global_colors_info=\u00bb{}\u00bb][et_pb_heading title=\u00bbPonte en contacto\u00bb _builder_version=\u00bb4.27.4&#8243; _module_preset=\u00bbc33f07d9-41e0-421a-8799-5799df695cce\u00bb title_text_color=\u00bb#F9F8F3&#8243; title_font_size=\u00bb4vw\u00bb custom_margin=\u00bb-43px||13px||false|false\u00bb custom_margin_tablet=\u00bb-28px||10px||false|false\u00bb custom_margin_phone=\u00bb-4px||10px||false|false\u00bb custom_margin_last_edited=\u00bbon|desktop\u00bb title_font_size_tablet=\u00bb7vw\u00bb title_font_size_phone=\u00bb11vw\u00bb title_font_size_last_edited=\u00bbon|phone\u00bb title_text_shadow_style=\u00bbpreset3&#8243; title_text_shadow_color=\u00bbRGBA(8,94,165,0.6)\u00bb locked=\u00bboff\u00bb global_colors_info=\u00bb{}\u00bb][\/et_pb_heading][\/et_pb_column][\/et_pb_row][et_pb_row column_structure=\u00bb3_5,2_5&#8243; _builder_version=\u00bb4.27.4&#8243; _module_preset=\u00bbc9cfaba2-2263-4f35-8227-8d16ca8bd1cc\u00bb background_color=\u00bb#f9f8f3&#8243; width=\u00bb90%\u00bb custom_margin=\u00bb||27px||false|false\u00bb custom_padding=\u00bb63px|60px|24px|60px|false|true\u00bb animation_style=\u00bbzoom\u00bb border_radii=\u00bbon|20px|20px|20px|20px\u00bb box_shadow_style=\u00bbpreset1&#8243; box_shadow_vertical=\u00bb2px\u00bb box_shadow_blur=\u00bb18px\u00bb box_shadow_spread=\u00bb0px\u00bb box_shadow_color=\u00bbRGBA(8,94,165,0.6)\u00bb locked=\u00bboff\u00bb global_colors_info=\u00bb{%22gcid-7cadd8b3-5228-48e4-90c4-212d09232f7b%22:%91%22color%22,%22color%22%93,%22gcid-36fd78a7-34bc-404d-873c-dafa34efaae5%22:%91%22color%22%93,%22gcid-f113ad93-2527-46d7-862b-fc71181c6b5e%22:%91%22border_color_all%22,%22border_color_all%22%93}\u00bb][et_pb_column type=\u00bb3_5&#8243; _builder_version=\u00bb4.16&#8243; _module_preset=\u00bb73121f80-a3ef-4484-8763-c3f18e3c56d2&#8243; global_colors_info=\u00bb{}\u00bb][et_pb_contact_form email=\u00bbcontact@anaberenguer.com\u00bb custom_message=\u00bb%%Name%% ha enviado el siguiente mensaje:||et_pb_line_break_holder||%%Message%% ||et_pb_line_break_holder||Servicio de inter\u00e9s: %%Service%%||et_pb_line_break_holder||Por favor, responda a la siguiente direcci\u00f3n de correo electr\u00f3nico: %%Email%%\u00bb success_message=\u00bb\u00a1Mensaje enviado! Me pondr\u00e9 en contacto contigo lo antes posible.\u00bb _builder_version=\u00bb4.27.5&#8243; _module_preset=\u00bb347de7c5-8eec-4fb2-89ad-e07c220a4ead\u00bb title_font=\u00bb\u2013et_global_body_font|\u2013et_global_heading_font_weight|||||||\u00bb title_font_size=\u00bb16pt\u00bb form_field_font_size=\u00bb16pt\u00bb button_text_size=\u00bb16pt\u00bb button_bg_use_color_gradient=\u00bbon\u00bb button_bg_color_gradient_stops=\u00bbgcid-secondary-color 0%|gcid-08c1bc7c-9659-4aac-9c1f-311d229de44c 99%\u00bb button_use_icon=\u00bboff\u00bb title_font_size_last_edited=\u00bboff|phone\u00bb box_shadow_style_button=\u00bbpreset1&#8243; box_shadow_color_button=\u00bbgcid-08c1bc7c-9659-4aac-9c1f-311d229de44c\u00bb locked=\u00bboff\u00bb global_colors_info=\u00bb{%22gcid-828accbb-1ed2-407d-95be-20ab4e191566%22:%91%22border_color_all%22,%22border_color_all%22,%22border_color_all%22%93,%22gcid-primary-color%22:%91%22button_bg_color%22,%22button_bg_color%22,%22button_bg_color%22%93,%22gcid-body-color%22:%91%22form_field_text_color%22,%22form_field_text_color%22,%22form_field_text_color%22%93,%22gcid-heading-color%22:%91%22title_text_color%22,%22title_text_color%22,%22title_text_color%22%93,%22gcid-08c1bc7c-9659-4aac-9c1f-311d229de44c%22:%91%22button_bg_color_gradient_stops%22,%22box_shadow_color_button%22%93}\u00bb][et_pb_contact_field field_id=\u00bbName\u00bb field_title=\u00bbNombre\u00bb fullwidth_field=\u00bbon\u00bb _builder_version=\u00bb4.27.4&#8243; _module_preset=\u00bbdefault\u00bb global_colors_info=\u00bb{}\u00bb button_text_size__hover_enabled=\u00bboff\u00bb button_one_text_size__hover_enabled=\u00bboff\u00bb button_two_text_size__hover_enabled=\u00bboff\u00bb button_text_color__hover_enabled=\u00bboff\u00bb button_one_text_color__hover_enabled=\u00bboff\u00bb button_two_text_color__hover_enabled=\u00bboff\u00bb button_border_width__hover_enabled=\u00bboff\u00bb button_one_border_width__hover_enabled=\u00bboff\u00bb button_two_border_width__hover_enabled=\u00bboff\u00bb button_border_color__hover_enabled=\u00bboff\u00bb button_one_border_color__hover_enabled=\u00bboff\u00bb button_two_border_color__hover_enabled=\u00bboff\u00bb button_border_radius__hover_enabled=\u00bboff\u00bb button_one_border_radius__hover_enabled=\u00bboff\u00bb button_two_border_radius__hover_enabled=\u00bboff\u00bb button_letter_spacing__hover_enabled=\u00bboff\u00bb button_one_letter_spacing__hover_enabled=\u00bboff\u00bb button_two_letter_spacing__hover_enabled=\u00bboff\u00bb button_bg_color__hover_enabled=\u00bboff\u00bb button_one_bg_color__hover_enabled=\u00bboff\u00bb button_two_bg_color__hover_enabled=\u00bboff\u00bb][\/et_pb_contact_field][et_pb_contact_field field_id=\u00bbEmail\u00bb field_title=\u00bbDirecci\u00f3n de correo electr\u00f3nico\u00bb field_type=\u00bbemail\u00bb fullwidth_field=\u00bbon\u00bb _builder_version=\u00bb4.27.4&#8243; _module_preset=\u00bbdefault\u00bb global_colors_info=\u00bb{}\u00bb button_text_size__hover_enabled=\u00bboff\u00bb button_one_text_size__hover_enabled=\u00bboff\u00bb button_two_text_size__hover_enabled=\u00bboff\u00bb button_text_color__hover_enabled=\u00bboff\u00bb button_one_text_color__hover_enabled=\u00bboff\u00bb button_two_text_color__hover_enabled=\u00bboff\u00bb button_border_width__hover_enabled=\u00bboff\u00bb button_one_border_width__hover_enabled=\u00bboff\u00bb button_two_border_width__hover_enabled=\u00bboff\u00bb button_border_color__hover_enabled=\u00bboff\u00bb button_one_border_color__hover_enabled=\u00bboff\u00bb button_two_border_color__hover_enabled=\u00bboff\u00bb button_border_radius__hover_enabled=\u00bboff\u00bb button_one_border_radius__hover_enabled=\u00bboff\u00bb button_two_border_radius__hover_enabled=\u00bboff\u00bb button_letter_spacing__hover_enabled=\u00bboff\u00bb button_one_letter_spacing__hover_enabled=\u00bboff\u00bb button_two_letter_spacing__hover_enabled=\u00bboff\u00bb button_bg_color__hover_enabled=\u00bboff\u00bb button_one_bg_color__hover_enabled=\u00bboff\u00bb button_two_bg_color__hover_enabled=\u00bboff\u00bb][\/et_pb_contact_field][et_pb_contact_field field_id=\u00bbMessage\u00bb field_title=\u00bbMensaje\u00bb field_type=\u00bbtext\u00bb fullwidth_field=\u00bbon\u00bb _builder_version=\u00bb4.27.4&#8243; _module_preset=\u00bbdefault\u00bb custom_margin=\u00bb||20px||false|false\u00bb global_colors_info=\u00bb{}\u00bb button_text_size__hover_enabled=\u00bboff\u00bb button_one_text_size__hover_enabled=\u00bboff\u00bb button_two_text_size__hover_enabled=\u00bboff\u00bb button_text_color__hover_enabled=\u00bboff\u00bb button_one_text_color__hover_enabled=\u00bboff\u00bb button_two_text_color__hover_enabled=\u00bboff\u00bb button_border_width__hover_enabled=\u00bboff\u00bb button_one_border_width__hover_enabled=\u00bboff\u00bb button_two_border_width__hover_enabled=\u00bboff\u00bb button_border_color__hover_enabled=\u00bboff\u00bb button_one_border_color__hover_enabled=\u00bboff\u00bb button_two_border_color__hover_enabled=\u00bboff\u00bb button_border_radius__hover_enabled=\u00bboff\u00bb button_one_border_radius__hover_enabled=\u00bboff\u00bb button_two_border_radius__hover_enabled=\u00bboff\u00bb button_letter_spacing__hover_enabled=\u00bboff\u00bb button_one_letter_spacing__hover_enabled=\u00bboff\u00bb button_two_letter_spacing__hover_enabled=\u00bboff\u00bb button_bg_color__hover_enabled=\u00bboff\u00bb button_one_bg_color__hover_enabled=\u00bboff\u00bb button_two_bg_color__hover_enabled=\u00bboff\u00bb][\/et_pb_contact_field][et_pb_contact_field field_id=\u00bbService\u00bb field_title=\u00bb\u00bfEn qu\u00e9 servicio est\u00e1s interesado?\u00bb field_type=\u00bbselect\u00bb select_options=\u00bb%91{%22value%22:%22Retrips. Viajes con alma.%22,%22checked%22:0,%22dragID%22:-1},{%22value%22:%22Mentor\u00eda de Transformaci\u00f3n de 3 Meses%22,%22checked%22:0,%22dragID%22:0},{%22value%22:%22Sesi\u00f3n individual a medida%22,%22checked%22:0,%22dragID%22:1},{%22value%22:%22Otro%22,%22checked%22:0,%22dragID%22:2}%93&#8243; fullwidth_field=\u00bbon\u00bb _builder_version=\u00bb4.27.5&#8243; _module_preset=\u00bbdefault\u00bb global_colors_info=\u00bb{}\u00bb][\/et_pb_contact_field][\/et_pb_contact_form][\/et_pb_column][et_pb_column type=\u00bb2_5&#8243; _builder_version=\u00bb4.16&#8243; _module_preset=\u00bb73121f80-a3ef-4484-8763-c3f18e3c56d2&#8243; global_colors_info=\u00bb{}\u00bb][et_pb_heading title=\u00bbDirecci\u00f3n\u00bb module_class=\u00bbai_ignore_all\u00bb _builder_version=\u00bb4.27.4&#8243; _module_preset=\u00bba3805066-8711-43c7-9f62-5782da0e9f7a\u00bb title_font=\u00bb\u2013et_global_body_font|\u2013et_global_heading_font_weight|||||||\u00bb title_font_size=\u00bb16pt\u00bb custom_margin=\u00bb||0px||false|false\u00bb title_font_size_last_edited=\u00bboff|tablet\u00bb locked=\u00bboff\u00bb global_colors_info=\u00bb{}\u00bb][\/et_pb_heading][et_pb_text module_class=\u00bbai_ignore_all\u00bb _builder_version=\u00bb4.27.4&#8243; _module_preset=\u00bb2c55a9c4-feed-423b-9edb-ae0b5b365cac\u00bb text_text_color=\u00bbgcid-primary-color\u00bb text_font_size=\u00bb16pt\u00bb header_font=\u00bb\u2013et_global_body_font|\u2013et_global_heading_font_weight|||||||\u00bb text_font_size_phone=\u00bb16pt\u00bb text_font_size_last_edited=\u00bboff|phone\u00bb locked=\u00bboff\u00bb global_colors_info=\u00bb{%22gcid-primary-color%22:%91%22link_text_color%22,%22text_text_color%22%93,%22gcid-heading-color%22:%91%22header_text_color%22,%22header_4_text_color%22,%22header_3_text_color%22,%22header_2_text_color%22,%22header_5_text_color%22,%22header_6_text_color%22,%22quote_text_color%22%93,%22gcid-secondary-color%22:%91%22quote_border_color%22%93}\u00bb]<\/p>\n<p>Espa\u00f1a<\/p>\n<p>[\/et_pb_text][et_pb_heading title=\u00bbCorreo electr\u00f3nico\u00bb module_class=\u00bbai_ignore_all\u00bb _builder_version=\u00bb4.27.4&#8243; _module_preset=\u00bba3805066-8711-43c7-9f62-5782da0e9f7a\u00bb title_font=\u00bbPalanquin|\u2013et_global_heading_font_weight|||||||\u00bb title_font_size=\u00bb16pt\u00bb custom_margin=\u00bb||0px||false|false\u00bb title_font_size_last_edited=\u00bboff|phone\u00bb locked=\u00bboff\u00bb global_colors_info=\u00bb{}\u00bb][\/et_pb_heading][et_pb_text module_class=\u00bbai_ignore_all\u00bb _builder_version=\u00bb4.27.4&#8243; _module_preset=\u00bb2c55a9c4-feed-423b-9edb-ae0b5b365cac\u00bb text_font_size=\u00bb16pt\u00bb text_font_size_last_edited=\u00bboff|phone\u00bb locked=\u00bboff\u00bb global_colors_info=\u00bb{}\u00bb]<\/p>\n<p><a href=\"&lt;a%20href=%20%22mailto:contact@anaberenguer.com%22&gt;contact@anaberenguer.com&lt;\/a&gt;\">contact@anaberenguer.com<\/a><\/p>\n<p>[\/et_pb_text][et_pb_heading title=\u00bbTel\u00e9fono\u00bb module_class=\u00bbai_ignore_all\u00bb _builder_version=\u00bb4.27.4&#8243; _module_preset=\u00bba3805066-8711-43c7-9f62-5782da0e9f7a\u00bb title_font=\u00bbPalanquin|\u2013et_global_heading_font_weight|||||||\u00bb title_font_size=\u00bb16pt\u00bb custom_margin=\u00bb||0px||false|false\u00bb title_font_size_last_edited=\u00bboff|phone\u00bb locked=\u00bboff\u00bb global_colors_info=\u00bb{}\u00bb title_letter_spacing__hover_enabled=\u00bbon|desktop\u00bb][\/et_pb_heading][et_pb_text module_class=\u00bbai_ignore_all\u00bb _builder_version=\u00bb4.27.4&#8243; _module_preset=\u00bb2c55a9c4-feed-423b-9edb-ae0b5b365cac\u00bb text_font_size=\u00bb16pt\u00bb text_font_size_last_edited=\u00bboff|phone\u00bb locked=\u00bboff\u00bb global_colors_info=\u00bb{}\u00bb]<\/p>\n<p><a href=\"https:\/\/wa.me\/34649505228\">+34 649 505 228<\/a><\/p>\n<p>[\/et_pb_text][et_pb_social_media_follow use_icon_font_size=\u00bbon\u00bb icon_font_size=\u00bb20pt\u00bb _builder_version=\u00bb4.27.4&#8243; _module_preset=\u00bb9a2c7b49-38da-4a8e-a698-40ad4873179f\u00bb background_color=\u00bb#F9F8F3&#8243; text_orientation=\u00bbcenter\u00bb locked=\u00bboff\u00bb global_colors_info=\u00bb{}\u00bb][et_pb_social_media_follow_network social_network=\u00bbfacebook\u00bb url=\u00bbhttps:\/\/www.facebook.com\/ana.berenguer.908&#8243; _builder_version=\u00bb4.27.4&#8243; _module_preset=\u00bb7157d47b-1430-4c96-a27f-da782814b26a\u00bb global_colors_info=\u00bb{}\u00bb follow_button=\u00bboff\u00bb url_new_window=\u00bbon\u00bb]facebook[\/et_pb_social_media_follow_network][et_pb_social_media_follow_network social_network=\u00bbinstagram\u00bb url=\u00bbhttps:\/\/www.instagram.com\/balancebreathwork?utm_source=ig_web_button_share_sheet&#038;igsh=cGFmMWlpZG9za2t5&#8243; _builder_version=\u00bb4.27.4&#8243; _module_preset=\u00bb7157d47b-1430-4c96-a27f-da782814b26a\u00bb background_color=\u00bbRGBA(255,255,255,0)\u00bb background_enable_color=\u00bbon\u00bb global_colors_info=\u00bb{}\u00bb follow_button=\u00bboff\u00bb url_new_window=\u00bbon\u00bb]instagram[\/et_pb_social_media_follow_network][et_pb_social_media_follow_network social_network=\u00bbwhatsapp\u00bb url=\u00bbhttp:\/\/34649505228&#8243; _builder_version=\u00bb4.27.4&#8243; _module_preset=\u00bbdefault\u00bb background_enable_color=\u00bboff\u00bb follow_button=\u00bboff\u00bb url_new_window=\u00bbon\u00bb]whatsapp[\/et_pb_social_media_follow_network][\/et_pb_social_media_follow][\/et_pb_column][\/et_pb_row][\/et_pb_section]<\/p>\n","protected":false},"excerpt":{"rendered":"<p>Ponte en contacto para programar una sesi\u00f3n o para preguntar sobre las terapias que ofrezco.Comienza hoy mismo tu viaje a una vida con m\u00e1s prop\u00f3sito.<div class=\"et_pb_module dsm_button dsm_button_0 et_pb_bg_layout_dark\">\n\t\t\t\t\n\t\t\t\t\n\t\t\t\t\n\t\t\t\t\n\t\t\t\t\n\t\t\t\t\n\t\t\t\t<div class=\"et_pb_module_inner\">\n\t\t\t\t\t<div class=\"et_pb_button_module_wrappers dsm_button_0_wrapper et_pb_button_alignment_center et_pb_module\">\n\t\t\t\t<a class=\"et_pb_button et_pb_button_one et_pb_custom_button_icon et_pb_bg_layout_dark dsm-grow \"  href=\"https:\/\/wa.me\/34649505228?text=Hola%2C%20Ana%2C%20me%20gustar%C3%ADa%20reservar%20una%20llamada%20de%20descubrimiento%20gratuita%20contigo.\" data-icon=\"&#x35;\" data-dsm-lightbox-id=\"dsm_button_one_lightbox dsm_button_0\">Reserva tu llamada inicial gratuita<\/a>\n\t\t\t<\/div>\n\t\t\t\t<\/div>\n\t\t\t<\/div>Soy psic\u00f3loga con una amplia [&hellip;]<\/p>\n","protected":false},"author":1,"featured_media":0,"parent":0,"menu_order":0,"comment_status":"closed","ping_status":"closed","template":"","meta":{"_et_pb_use_builder":"on","_et_pb_old_content":"","_et_gb_content_width":"","footnotes":""},"difl_page_category":[],"class_list":["post-224961","page","type-page","status-publish","hentry"],"_links":{"self":[{"href":"https:\/\/anaberenguer.com\/es\/wp-json\/wp\/v2\/pages\/224961","targetHints":{"allow":["GET"]}}],"collection":[{"href":"https:\/\/anaberenguer.com\/es\/wp-json\/wp\/v2\/pages"}],"about":[{"href":"https:\/\/anaberenguer.com\/es\/wp-json\/wp\/v2\/types\/page"}],"author":[{"embeddable":true,"href":"https:\/\/anaberenguer.com\/es\/wp-json\/wp\/v2\/users\/1"}],"replies":[{"embeddable":true,"href":"https:\/\/anaberenguer.com\/es\/wp-json\/wp\/v2\/comments?post=224961"}],"version-history":[{"count":16,"href":"https:\/\/anaberenguer.com\/es\/wp-json\/wp\/v2\/pages\/224961\/revisions"}],"predecessor-version":[{"id":225504,"href":"https:\/\/anaberenguer.com\/es\/wp-json\/wp\/v2\/pages\/224961\/revisions\/225504"}],"wp:attachment":[{"href":"https:\/\/anaberenguer.com\/es\/wp-json\/wp\/v2\/media?parent=224961"}],"wp:term":[{"taxonomy":"difl_page_category","embeddable":true,"href":"https:\/\/anaberenguer.com\/es\/wp-json\/wp\/v2\/difl_page_category?post=224961"}],"curies":[{"name":"wp","href":"https:\/\/api.w.org\/{rel}","templated":true}]}}